{"id":11,"date":"2022-07-07T13:48:52","date_gmt":"2022-07-07T13:48:52","guid":{"rendered":"https:\/\/calvoarmazones.com\/?page_id=11"},"modified":"2024-07-05T11:30:55","modified_gmt":"2024-07-05T09:30:55","slug":"politica-cookies","status":"publish","type":"page","link":"https:\/\/armazonescalvo.com\/en\/politica-cookies\/","title":{"rendered":"Pol\u00edtica de cookies"},"content":{"rendered":"<div data-elementor-type=\"wp-page\" data-elementor-id=\"11\" class=\"elementor elementor-11\" data-elementor-post-type=\"page\">\n\t\t\t\t\t\t<section class=\"elementor-section elementor-top-section elementor-element elementor-element-63d8c0a4 elementor-section-boxed elementor-section-height-default elementor-section-height-default\" data-id=\"63d8c0a4\" data-element_type=\"section\">\n\t\t\t\t\t\t<div class=\"elementor-container elementor-column-gap-default\">\n\t\t\t\t\t<div class=\"elementor-column elementor-col-100 elementor-top-column elementor-element elementor-element-48b9cc5c\" data-id=\"48b9cc5c\" data-element_type=\"column\">\n\t\t\t<div class=\"elementor-widget-wrap elementor-element-populated\">\n\t\t\t\t\t\t<div class=\"elementor-element elementor-element-5aac2d2a elementor-widget elementor-widget-text-editor\" data-id=\"5aac2d2a\" data-element_type=\"widget\" data-widget_type=\"text-editor.default\">\n\t\t\t\t<div class=\"elementor-widget-container\">\n\t\t\t<style>\/*! elementor - v3.23.0 - 23-07-2024 *\/\n.elementor-widget-text-editor.elementor-drop-cap-view-stacked .elementor-drop-cap{background-color:#69727d;color:#fff}.elementor-widget-text-editor.elementor-drop-cap-view-framed .elementor-drop-cap{color:#69727d;border:3px solid;background-color:transparent}.elementor-widget-text-editor:not(.elementor-drop-cap-view-default) .elementor-drop-cap{margin-top:8px}.elementor-widget-text-editor:not(.elementor-drop-cap-view-default) .elementor-drop-cap-letter{width:1em;height:1em}.elementor-widget-text-editor .elementor-drop-cap{float:left;text-align:center;line-height:1;font-size:50px}.elementor-widget-text-editor .elementor-drop-cap-letter{display:inline-block}<\/style>\t\t\t\t<!-- wp:paragraph -->\n<h2>Informaci\u00f3n sobre cookies<\/h2>\n<!-- \/wp:paragraph --><!-- wp:paragraph -->\n<p>Debido a la entrada en vigor de la referente modificaci\u00f3n de la \u00abLey de Servicios de la Sociedad de la Informaci\u00f3n\u00bb (LSSICE) establecida por el Real Decreto 13\/2012, es de obligaci\u00f3n obtener el consentimiento expreso del usuario de todas las p\u00e1ginas web que usan\u00a0<em>cookies\u00a0<\/em>prescindibles, antes de que este navegue por ellas.<\/p>\n<!-- \/wp:paragraph --><!-- wp:paragraph -->\n<p><strong>\u00bfQu\u00e9 son las cookies?<\/strong><\/p>\n<!-- \/wp:paragraph --><!-- wp:paragraph -->\n<p>Las\u00a0<em>cookies\u00a0<\/em>y otras tecnolog\u00edas similares tales como local shared objects, flash\u00a0<em>cookies\u00a0<\/em>o p\u00edxeles, son herramientas empleadas por los servidores Web para almacenar y recuperar informaci\u00f3n acerca de sus visitantes, as\u00ed como para ofrecer un correcto funcionamiento del sitio.<\/p>\n<!-- \/wp:paragraph --><!-- wp:paragraph -->\n<p>Mediante el uso de estos dispositivos se permite al servidor Web recordar algunos datos concernientes al usuario, como sus preferencias para la visualizaci\u00f3n de las p\u00e1ginas de ese servidor, nombre y contrase\u00f1a, productos que m\u00e1s le interesan, etc.<\/p>\n<!-- \/wp:paragraph --><!-- wp:paragraph -->\n<p><strong>Cookies afectadas por la normativa y cookies exceptuadas<\/strong><\/p>\n<!-- \/wp:paragraph --><!-- wp:paragraph -->\n<p>Seg\u00fan la directiva de la UE, las\u00a0<em>cookies\u00a0<\/em>que requieren el consentimiento informado por parte del usuario son las\u00a0<em>cookies\u00a0<\/em>de anal\u00edtica y las de publicidad y afiliaci\u00f3n, quedando exceptuadas las de car\u00e1cter t\u00e9cnico y las necesarias para el funcionamiento del sitio web o la prestaci\u00f3n de servicios expresamente solicitados por el usuario.<\/p>\n<!-- \/wp:paragraph --><!-- wp:paragraph -->\n<h2>Tipos de cookies<\/h2>\n<!-- \/wp:paragraph --><!-- wp:paragraph -->\n<p><strong>Seg\u00fan la finalidad<\/strong><\/p>\n<!-- \/wp:paragraph --><!-- wp:list -->\n<ul>\n<li>Cookies t\u00e9cnicas y funcionales: son aquellas que permiten al usuario la navegaci\u00f3n a trav\u00e9s de una p\u00e1gina web, plataforma o aplicaci\u00f3n y la utilizaci\u00f3n de las diferentes opciones o servicios que en ella existan<em>.<\/em><\/li>\n<li>Cookies anal\u00edticas: son aquellas que permiten al responsable de las mismas el seguimiento y an\u00e1lisis del comportamiento de los usuarios de los sitios web a los que est\u00e1n vinculadas. La informaci\u00f3n recogida mediante este tipo de\u00a0<em>cookies<\/em>\u00a0se utiliza en la medici\u00f3n de la actividad de los sitios web, aplicaci\u00f3n o plataforma y para la elaboraci\u00f3n de perfiles de navegaci\u00f3n de los usuarios de dichos sitios, aplicaciones y plataformas, con el fin de introducir mejoras en funci\u00f3n del an\u00e1lisis de los datos de uso que hacen los usuarios del servicio.<\/li>\n<li>Cookies\u00a0publicitarias<strong>:<\/strong>\u00a0son aquellas que permiten la gesti\u00f3n, de la forma m\u00e1s eficaz posible, de los espacios publicitarios que, en su caso, el editor haya incluido en una p\u00e1gina web, aplicaci\u00f3n o plataforma desde la que presta el servicio solicitado en base a criterios como el contenido editado o la frecuencia en la que se muestran los anuncios.<\/li>\n<li>Cookies\u00a0de publicidad comportamental: recogen informaci\u00f3n sobre las preferencias y elecciones personales del usuario (<em>retargeting<\/em>) para permitir la gesti\u00f3n, de la forma m\u00e1s eficaz posible, de los espacios publicitarios que, en su caso, el editor haya incluido en una p\u00e1gina web, aplicaci\u00f3n o plataforma desde la que presta el servicio solicitado.<\/li>\n<li>Cookies\u00a0sociales: son establecidas por las plataformas de redes sociales en los servicios para permitirle compartir contenido con sus amigos y redes. Las plataformas de medios sociales tienen la capacidad de rastrear su actividad en l\u00ednea fuera de los Servicios. Esto puede afectar al contenido y los mensajes que ve en otros servicios que visita.<\/li>\n<li>Cookies\u00a0de afiliados: permiten hacer un seguimiento de las visitas procedentes de otras webs, con las que el sitio web establece un contrato de afiliaci\u00f3n (empresas de afiliaci\u00f3n).<\/li>\n<li>Cookies\u00a0de seguridad: almacenan informaci\u00f3n cifrada para evitar que los datos guardados en ellas sean vulnerables a ataques maliciosos de terceros.<\/li>\n<\/ul>\n<!-- \/wp:list --><!-- wp:paragraph -->\n<p><strong>Seg\u00fan la propiedad<\/strong><\/p>\n<!-- \/wp:paragraph --><!-- wp:list -->\n<ul>\n<li>Cookies\u00a0propias: son aquellas que se env\u00edan al equipo terminal del usuario desde un equipo o dominio gestionado por el propio editor y desde el que se presta el servicio solicitado por el usuario.<\/li>\n<li>Cookies\u00a0de terceros:\u00a0son aquellas que se env\u00edan al equipo terminal del usuario desde un equipo o dominio que no es gestionado por el editor, sino por otra entidad que trata los datos obtenidos trav\u00e9s de las cookies.<\/li>\n<\/ul>\n<!-- \/wp:list --><!-- wp:paragraph -->\n<p><strong>Seg\u00fan el plazo de conservaci\u00f3n<\/strong><\/p>\n<!-- \/wp:paragraph --><!-- wp:list -->\n<ul>\n<li>Cookies\u00a0de sesi\u00f3n:\u00a0son un tipo de\u00a0<em>cookies<\/em>\u00a0dise\u00f1adas para recabar y almacenar datos mientras el usuario accede a una p\u00e1gina web.<\/li>\n<li>Cookies\u00a0persistentes:\u00a0son un tipo de cookies en el que los datos siguen almacenados en el terminal y pueden ser accedidos y tratados durante un per\u00edodo definido por el responsable de la\u00a0<em>cookie<\/em>, y que puede ir de unos minutos a varios a\u00f1os.<\/li>\n<\/ul>\n<!-- \/wp:list --><!-- wp:paragraph -->\n<h2>Tratamiento de datos personales<\/h2>\n<!-- \/wp:paragraph --><!-- wp:paragraph -->\n<p>ARMAZONES CALVO S. L. es el\u00a0Responsable del tratamiento\u00a0de los datos personales del\u00a0Interesado\u00a0y le informa de que estos datos ser\u00e1n tratados de conformidad con lo dispuesto en el Reglamento (UE) 2016\/679, de 27 de abril de 2016 (GDPR), por lo que se le facilita la siguiente informaci\u00f3n del tratamiento:<\/p>\n<!-- \/wp:paragraph --><!-- wp:paragraph -->\n<p>Fines del tratamiento:\u00a0seg\u00fan se especifica en el apartado de\u00a0<em>cookies\u00a0<\/em>que se utilizan en este sitio web.<\/p>\n<!-- \/wp:paragraph --><!-- wp:paragraph -->\n<p>Legitimaci\u00f3n del tratamiento: por consentimiento del interesado (art. 6.1 GDPR).<\/p>\n<!-- \/wp:paragraph --><!-- wp:paragraph -->\n<p>Criterios de conservaci\u00f3n de los datos: seg\u00fan se especifica en el apartado de\u00a0<em>cookies\u00a0<\/em>utilizadas en la web.<\/p>\n<!-- \/wp:paragraph --><!-- wp:paragraph -->\n<p>Comunicaci\u00f3n de los datos: no se comunicar\u00e1n los datos a terceros, excepto en cookies propiedad de terceros o por obligaci\u00f3n legal.<\/p>\n<!-- \/wp:paragraph --><!-- wp:paragraph -->\n<p><strong>Derechos que asisten al Interesado<\/strong>:<\/p>\n<!-- \/wp:paragraph --><!-- wp:paragraph -->\n<p>\u2013 Derecho a retirar el consentimiento en cualquier momento.<br \/>\u2013 Derecho de acceso, rectificaci\u00f3n, portabilidad y supresi\u00f3n de sus datos, y de limitaci\u00f3n u oposici\u00f3n a su tratamiento.<br \/>\u2013 Derecho a presentar una reclamaci\u00f3n ante la Autoridad de control (www.aepd.es) si considera que el tratamiento no se ajusta a la normativa vigente.<\/p>\n<!-- \/wp:paragraph --><!-- wp:paragraph -->\n<p><strong>Datos de contacto para ejercer sus derechos:<\/strong><\/p>\n<!-- \/wp:paragraph --><!-- wp:paragraph -->\n<p>ARMAZONES CALVO S. L.. Pol. industrial La Mina, Calle Tapissers, 7-9 \u2013 46200 Paiporta (Val\u00e8ncia). E-mail: comercial@armazonescalvo.com<\/p>\n<!-- \/wp:paragraph --><!-- wp:paragraph -->\n<h2>Cookies utilizadas en este sitio web<\/h2>\n<!-- \/wp:paragraph --><!-- wp:heading -->\n<p>Cookies controladas por el editor<\/p>\n<!-- \/wp:heading --><!-- wp:heading {\"level\":3} -->\n<p><strong>T\u00e9cnicas y funcionales<\/strong><\/p>\n<!-- \/wp:heading --><!-- wp:table -->\n<figure class=\"wp-block-table\">\n<table>\n<tbody>\n<tr>\n<td><strong>Propiedad<\/strong><\/td>\n<td><strong>Cookie<\/strong><\/td>\n<td><strong>Finalidad<\/strong><\/td>\n<td><strong>Plazo<\/strong><\/td>\n<\/tr>\n<tr>\n<td>armazonescalvo.com<\/td>\n<td>pll_language<\/td>\n<td>Cookie necesaria para la utilizaci\u00f3n de las opciones y servicios del sitio web<\/td>\n<td>en un a\u00f1o<\/td>\n<\/tr>\n<tr>\n<td>youtube.com<\/td>\n<td>CONSENT<\/td>\n<td>Rastreador de consentimiento de cookies de Google<\/td>\n<td>en 17 a\u00f1os<\/td>\n<\/tr>\n<tr>\n<td>youtube.com<\/td>\n<td>YSC<\/td>\n<td>Registra una identificaci\u00f3n \u00fanica para mantener estad\u00edsticas de qu\u00e9 videos de YouTube ha visto el usuario.<\/td>\n<td>Sesi\u00f3n<\/td>\n<\/tr>\n<\/tbody>\n<\/table>\n<\/figure>\n<!-- \/wp:table --><!-- wp:heading {\"level\":3} -->\n<p><strong>Publicitarias<\/strong><\/p>\n<!-- \/wp:heading --><!-- wp:table -->\n<figure class=\"wp-block-table\">\n<table>\n<tbody>\n<tr>\n<td><strong>Propiedad<\/strong><\/td>\n<td><strong>Cookie<\/strong><\/td>\n<td><strong>Finalidad<\/strong><\/td>\n<td><strong>Plazo<\/strong><\/td>\n<\/tr>\n<tr>\n<td>youtube.com<\/td>\n<td>VISITOR_INFO1_LIVE<\/td>\n<td>Intenta estimar el ancho de banda de los usuarios en las p\u00e1ginas de YouTube con videos integrados.<\/td>\n<td>en 6 meses<\/td>\n<\/tr>\n<\/tbody>\n<\/table>\n<\/figure>\n<!-- \/wp:table --><!-- wp:heading -->\n<h2>Cookies de terceros<\/h2>\n<!-- \/wp:heading --><!-- wp:paragraph -->\n<p>Los servicios de terceros son ajenos al control del editor. Los proveedores pueden modificar en todo momento sus condiciones de servicio, finalidad y utilizaci\u00f3n de las cookies, etc.<\/p>\n<!-- \/wp:paragraph --><!-- wp:paragraph -->\n<p><strong>Proveedores externos de este sitio web:<\/strong><\/p>\n<!-- \/wp:paragraph --><!-- wp:table -->\n<figure class=\"wp-block-table\">\n<table>\n<tbody>\n<tr>\n<td>Editor<\/td>\n<td>Privacy Policy<a href=\"https:\/\/privacy.google.com\/take-control.html\">Google<\/a><a href=\"https:\/\/privacy.google.com\/take-control.html\">Youtube<\/a><\/td>\n<\/tr>\n<tr>\n<td>Google<\/td>\n<td><a href=\"https:\/\/privacy.google.com\/take-control.html\">https:\/\/privacy.google.com\/take-control.html<\/a><\/td>\n<\/tr>\n<tr>\n<td>Youtube<\/td>\n<td><a href=\"https:\/\/privacy.google.com\/take-control.html\">https:\/\/privacy.google.com\/take-control.html<\/a><\/td>\n<\/tr>\n<\/tbody>\n<\/table>\n<\/figure>\n<!-- \/wp:table --><!-- wp:table -->\n<p><strong>C\u00f3mo gestionar las cookies desde el navegador<\/strong><\/p>\n<figure class=\"wp-block-table\">\n<table>\n<tbody>\n<tr>\n<td>Eliminar las cookies del dispositivo<\/td>\n<td>Las cookies que ya est\u00e1n en un dispositivo se pueden eliminar borrando el historial del navegador, con lo que se suprimen las cookies de todos los sitios web visitados.<br \/>Sin embargo, tambi\u00e9n se puede perder parte de la informaci\u00f3n guardada (por ejemplo, los datos de inicio de sesi\u00f3n o las preferencias de sitio web).<\/td>\n<\/tr>\n<tr>\n<td>Gestionar las cookies espec\u00edficas del sitio<\/td>\n<td>Para tener un control m\u00e1s preciso de las cookies espec\u00edficas de cada sitio, los usuarios pueden ajustar su configuraci\u00f3n de privacidad y cookies en el navegador.<\/td>\n<\/tr>\n<tr>\n<td>Bloquear las cookies<\/td>\n<td>Aunque la mayor\u00eda de los navegadores modernos se pueden configurar para evitar que se instalen cookies en los dispositivos, eso puede obligar al ajuste manual de determinadas preferencias cada vez que se visite un sitio o p\u00e1gina. Adem\u00e1s, algunos servicios y caracter\u00edsticas pueden no funcionar correctamente (por ejemplo, los inicios de sesi\u00f3n con perfil).<\/td>\n<\/tr>\n<\/tbody>\n<\/table>\n<\/figure>\n<figure class=\"wp-block-table\">\n<p><strong>C\u00f3mo eliminar las cookies de los navegadores m\u00e1s comunes<\/strong><\/p>\n<table>\n<tbody>\n<tr>\n<td>Chrome<\/td>\n<td><a href=\"http:\/\/support.google.com\/chrome\/answer\/95647?hl=es\">http:\/\/support.google.com\/chrome\/answer\/95647?hl=es<\/a><\/td>\n<\/tr>\n<tr>\n<td>Internet Explorer. Versi\u00f3n 11<\/td>\n<td><a href=\"https:\/\/support.microsoft.com\/es-es\/help\/278835\/how-to-delete-cookie-files-in-internet-explorer\">https:\/\/support.microsoft.com\/es-es\/help\/278835\/how-to-delete-cookie-files-in-internet-explorer<\/a><\/td>\n<\/tr>\n<tr>\n<td>Firefox. Versi\u00f3n 65.0.1<\/td>\n<td><a href=\"https:\/\/www.mozilla.org\/es-ES\/privacy\/websites\/#cookies\">https:\/\/www.mozilla.org\/es-ES\/privacy\/websites\/#cookies<\/a><\/td>\n<\/tr>\n<tr>\n<td>Safari Versi\u00f3n 5.1<\/td>\n<td><a href=\"https:\/\/support.apple.com\/es-es\/guide\/safari\/sfri11471\/mac\">https:\/\/support.apple.com\/es-es\/guide\/safari\/sfri11471\/mac<\/a><\/td>\n<\/tr>\n<tr>\n<td>Opera<\/td>\n<td><a href=\"https:\/\/help.opera.com\/en\/latest\/security-and-privacy\/#clearBrowsingData\">https:\/\/help.opera.com\/en\/latest\/security-and-privacy\/#clearBrowsingData<\/a><\/td>\n<\/tr>\n<\/tbody>\n<\/table>\n<\/figure>\n<!-- \/wp:table -->\t\t\t\t\t\t<\/div>\n\t\t\t\t<\/div>\n\t\t\t\t\t<\/div>\n\t\t<\/div>\n\t\t\t\t\t<\/div>\n\t\t<\/section>\n\t\t\t\t<\/div>","protected":false},"excerpt":{"rendered":"<p>Informaci\u00f3n sobre cookies Debido a la entrada en vigor de la referente modificaci\u00f3n de la \u00abLey de Servicios&#8230;<\/p>","protected":false},"author":2,"featured_media":0,"parent":0,"menu_order":1530,"comment_status":"closed","ping_status":"closed","template":"","meta":{"footnotes":""},"class_list":["post-11","page","type-page","status-publish","hentry"],"yoast_head":"<!-- This site is optimized with the Yoast SEO plugin v27.4 - https:\/\/yoast.com\/product\/yoast-seo-wordpress\/ -->\n<title>Pol\u00edtica de cookies - Armazones Calvo<\/title>\n<meta name=\"robots\" content=\"noindex, follow\" \/>\n<meta property=\"og:locale\" content=\"en_US\" \/>\n<meta property=\"og:type\" content=\"article\" \/>\n<meta property=\"og:title\" content=\"Pol\u00edtica de cookies - Armazones Calvo\" \/>\n<meta property=\"og:description\" content=\"Informaci\u00f3n sobre cookies Debido a la entrada en vigor de la referente modificaci\u00f3n de la \u00abLey de Servicios...\" \/>\n<meta property=\"og:url\" content=\"https:\/\/armazonescalvo.com\/en\/politica-cookies\/\" \/>\n<meta property=\"og:site_name\" content=\"Armazones Calvo\" \/>\n<meta property=\"article:modified_time\" content=\"2024-07-05T09:30:55+00:00\" \/>\n<meta name=\"twitter:card\" content=\"summary_large_image\" \/>\n<meta name=\"twitter:label1\" content=\"Est. reading time\" \/>\n\t<meta name=\"twitter:data1\" content=\"6 minutes\" \/>\n<script type=\"application\/ld+json\" class=\"yoast-schema-graph\">{\"@context\":\"https:\\\/\\\/schema.org\",\"@graph\":[{\"@type\":\"WebPage\",\"@id\":\"https:\\\/\\\/armazonescalvo.com\\\/politica-cookies\\\/\",\"url\":\"https:\\\/\\\/armazonescalvo.com\\\/politica-cookies\\\/\",\"name\":\"Pol\u00edtica de cookies - Armazones Calvo\",\"isPartOf\":{\"@id\":\"https:\\\/\\\/armazonescalvo.com\\\/#website\"},\"datePublished\":\"2022-07-07T13:48:52+00:00\",\"dateModified\":\"2024-07-05T09:30:55+00:00\",\"breadcrumb\":{\"@id\":\"https:\\\/\\\/armazonescalvo.com\\\/politica-cookies\\\/#breadcrumb\"},\"inLanguage\":\"en-US\",\"potentialAction\":[{\"@type\":\"ReadAction\",\"target\":[\"https:\\\/\\\/armazonescalvo.com\\\/politica-cookies\\\/\"]}]},{\"@type\":\"BreadcrumbList\",\"@id\":\"https:\\\/\\\/armazonescalvo.com\\\/politica-cookies\\\/#breadcrumb\",\"itemListElement\":[{\"@type\":\"ListItem\",\"position\":1,\"name\":\"Portada\",\"item\":\"https:\\\/\\\/armazonescalvo.com\\\/\"},{\"@type\":\"ListItem\",\"position\":2,\"name\":\"Pol\u00edtica de cookies\"}]},{\"@type\":\"WebSite\",\"@id\":\"https:\\\/\\\/armazonescalvo.com\\\/#website\",\"url\":\"https:\\\/\\\/armazonescalvo.com\\\/\",\"name\":\"Armazones Calvo\",\"description\":\"Armazones Pantallas L\u00e1mparas\",\"publisher\":{\"@id\":\"https:\\\/\\\/armazonescalvo.com\\\/#organization\"},\"potentialAction\":[{\"@type\":\"SearchAction\",\"target\":{\"@type\":\"EntryPoint\",\"urlTemplate\":\"https:\\\/\\\/armazonescalvo.com\\\/?s={search_term_string}\"},\"query-input\":{\"@type\":\"PropertyValueSpecification\",\"valueRequired\":true,\"valueName\":\"search_term_string\"}}],\"inLanguage\":\"en-US\"},{\"@type\":\"Organization\",\"@id\":\"https:\\\/\\\/armazonescalvo.com\\\/#organization\",\"name\":\"Armazones Calvo\",\"url\":\"https:\\\/\\\/armazonescalvo.com\\\/\",\"logo\":{\"@type\":\"ImageObject\",\"inLanguage\":\"en-US\",\"@id\":\"https:\\\/\\\/armazonescalvo.com\\\/#\\\/schema\\\/logo\\\/image\\\/\",\"url\":\"https:\\\/\\\/armazonescalvo.com\\\/wp-content\\\/uploads\\\/2018\\\/07\\\/Group-24-1.png\",\"contentUrl\":\"https:\\\/\\\/armazonescalvo.com\\\/wp-content\\\/uploads\\\/2018\\\/07\\\/Group-24-1.png\",\"width\":123,\"height\":44,\"caption\":\"Armazones Calvo\"},\"image\":{\"@id\":\"https:\\\/\\\/armazonescalvo.com\\\/#\\\/schema\\\/logo\\\/image\\\/\"}}]}<\/script>\n<!-- \/ Yoast SEO plugin. -->","yoast_head_json":{"title":"Pol\u00edtica de cookies - Armazones Calvo","robots":{"index":"noindex","follow":"follow"},"og_locale":"en_US","og_type":"article","og_title":"Pol\u00edtica de cookies - Armazones Calvo","og_description":"Informaci\u00f3n sobre cookies Debido a la entrada en vigor de la referente modificaci\u00f3n de la \u00abLey de Servicios...","og_url":"https:\/\/armazonescalvo.com\/en\/politica-cookies\/","og_site_name":"Armazones Calvo","article_modified_time":"2024-07-05T09:30:55+00:00","twitter_card":"summary_large_image","twitter_misc":{"Est. reading time":"6 minutes"},"schema":{"@context":"https:\/\/schema.org","@graph":[{"@type":"WebPage","@id":"https:\/\/armazonescalvo.com\/politica-cookies\/","url":"https:\/\/armazonescalvo.com\/politica-cookies\/","name":"Pol\u00edtica de cookies - Armazones Calvo","isPartOf":{"@id":"https:\/\/armazonescalvo.com\/#website"},"datePublished":"2022-07-07T13:48:52+00:00","dateModified":"2024-07-05T09:30:55+00:00","breadcrumb":{"@id":"https:\/\/armazonescalvo.com\/politica-cookies\/#breadcrumb"},"inLanguage":"en-US","potentialAction":[{"@type":"ReadAction","target":["https:\/\/armazonescalvo.com\/politica-cookies\/"]}]},{"@type":"BreadcrumbList","@id":"https:\/\/armazonescalvo.com\/politica-cookies\/#breadcrumb","itemListElement":[{"@type":"ListItem","position":1,"name":"Portada","item":"https:\/\/armazonescalvo.com\/"},{"@type":"ListItem","position":2,"name":"Pol\u00edtica de cookies"}]},{"@type":"WebSite","@id":"https:\/\/armazonescalvo.com\/#website","url":"https:\/\/armazonescalvo.com\/","name":"Armazones Calvo","description":"Armazones Pantallas L\u00e1mparas","publisher":{"@id":"https:\/\/armazonescalvo.com\/#organization"},"potentialAction":[{"@type":"SearchAction","target":{"@type":"EntryPoint","urlTemplate":"https:\/\/armazonescalvo.com\/?s={search_term_string}"},"query-input":{"@type":"PropertyValueSpecification","valueRequired":true,"valueName":"search_term_string"}}],"inLanguage":"en-US"},{"@type":"Organization","@id":"https:\/\/armazonescalvo.com\/#organization","name":"Armazones Calvo","url":"https:\/\/armazonescalvo.com\/","logo":{"@type":"ImageObject","inLanguage":"en-US","@id":"https:\/\/armazonescalvo.com\/#\/schema\/logo\/image\/","url":"https:\/\/armazonescalvo.com\/wp-content\/uploads\/2018\/07\/Group-24-1.png","contentUrl":"https:\/\/armazonescalvo.com\/wp-content\/uploads\/2018\/07\/Group-24-1.png","width":123,"height":44,"caption":"Armazones Calvo"},"image":{"@id":"https:\/\/armazonescalvo.com\/#\/schema\/logo\/image\/"}}]}},"_links":{"self":[{"href":"https:\/\/armazonescalvo.com\/en\/wp-json\/wp\/v2\/pages\/11","targetHints":{"allow":["GET"]}}],"collection":[{"href":"https:\/\/armazonescalvo.com\/en\/wp-json\/wp\/v2\/pages"}],"about":[{"href":"https:\/\/armazonescalvo.com\/en\/wp-json\/wp\/v2\/types\/page"}],"author":[{"embeddable":true,"href":"https:\/\/armazonescalvo.com\/en\/wp-json\/wp\/v2\/users\/2"}],"replies":[{"embeddable":true,"href":"https:\/\/armazonescalvo.com\/en\/wp-json\/wp\/v2\/comments?post=11"}],"version-history":[{"count":39,"href":"https:\/\/armazonescalvo.com\/en\/wp-json\/wp\/v2\/pages\/11\/revisions"}],"predecessor-version":[{"id":4381,"href":"https:\/\/armazonescalvo.com\/en\/wp-json\/wp\/v2\/pages\/11\/revisions\/4381"}],"wp:attachment":[{"href":"https:\/\/armazonescalvo.com\/en\/wp-json\/wp\/v2\/media?parent=11"}],"curies":[{"name":"wp","href":"https:\/\/api.w.org\/{rel}","templated":true}]}}