{"id":2859,"date":"2023-01-20T13:06:06","date_gmt":"2023-01-20T13:06:06","guid":{"rendered":"https:\/\/calvoarmazones.com\/?post_type=product&#038;p=2859"},"modified":"2025-07-03T11:31:03","modified_gmt":"2025-07-03T09:31:03","slug":"202-a302_28x23_200u","status":"publish","type":"product","link":"https:\/\/armazonescalvo.com\/en\/product\/202-a302_28x23_200u\/","title":{"rendered":"SOPORTE M2 EN OFERTA"},"content":{"rendered":"<p><span style=\"font-size: 18px;\"><strong>200 unidades en stock<\/strong><\/span><\/p>\n<p>&nbsp;<\/p>\n<p style=\"text-align: left; padding-left: 200px;\"><span style=\"color: #828282; font-size: 15px;\">Aro: 28cm<\/span><\/p>\n<p style=\"text-align: left; padding-left: 200px;\"><span style=\"color: #828282; font-size: 15px;\">Altura: 23cm<\/span><\/p>\n<p>&nbsp;<\/p>\n<p><span style=\"font-size: 16px;\">Para m\u00e1s detalles y la formalizaci\u00f3n del pedido, ponte en contacto con nosotros.<\/span><\/p>\n<p><span style=\"font-size: 16px;\">Precios por unidad.<\/span><\/p>\n<p><span style=\"font-size: 16px;\">Gastos de env\u00edo a Espa\u00f1a, pen\u00ednsula, de 10\u20ac.<\/span><\/p>\n<p>&nbsp;<\/p>","protected":false},"excerpt":{"rendered":"<p>200 unidades en stock &nbsp; Aro: 28cm Altura: 23cm &nbsp; Para m\u00e1s detalles y la formalizaci\u00f3n del pedido,&#8230;<\/p>","protected":false},"featured_media":4918,"comment_status":"open","ping_status":"closed","template":"","meta":[],"product_brand":[],"product_cat":[81],"product_tag":[],"class_list":{"0":"post-2859","1":"product","2":"type-product","3":"status-publish","4":"has-post-thumbnail","6":"product_cat-armazones-en-oferta","8":"first","9":"instock","10":"shipping-taxable","11":"product-type-simple"},"yoast_head":"<!-- This site is optimized with the Yoast SEO plugin v27.4 - https:\/\/yoast.com\/product\/yoast-seo-wordpress\/ -->\n<title>SOPORTE M2 EN OFERTA - Armazones Calvo<\/title>\n<meta name=\"robots\" content=\"index, follow, max-snippet:-1, max-image-preview:large, max-video-preview:-1\" \/>\n<link rel=\"canonical\" href=\"https:\/\/armazonescalvo.com\/en\/product\/202-a302_28x23_200u\/\" \/>\n<meta property=\"og:locale\" content=\"en_US\" \/>\n<meta property=\"og:type\" content=\"article\" \/>\n<meta property=\"og:title\" content=\"SOPORTE M2 EN OFERTA - Armazones Calvo\" \/>\n<meta property=\"og:description\" content=\"200 unidades en stock &nbsp; Aro: 28cm Altura: 23cm &nbsp; Para m\u00e1s detalles y la formalizaci\u00f3n del pedido,...\" \/>\n<meta property=\"og:url\" content=\"https:\/\/armazonescalvo.com\/en\/product\/202-a302_28x23_200u\/\" \/>\n<meta property=\"og:site_name\" content=\"Armazones Calvo\" \/>\n<meta property=\"article:modified_time\" content=\"2025-07-03T09:31:03+00:00\" \/>\n<meta property=\"og:image\" content=\"https:\/\/armazonescalvo.com\/wp-content\/uploads\/2023\/01\/202-A302_28x23_100u.png\" \/>\n\t<meta property=\"og:image:width\" content=\"1000\" \/>\n\t<meta property=\"og:image:height\" content=\"1000\" \/>\n\t<meta property=\"og:image:type\" content=\"image\/png\" \/>\n<meta name=\"twitter:card\" content=\"summary_large_image\" \/>\n<meta name=\"twitter:label1\" content=\"Est. reading time\" \/>\n\t<meta name=\"twitter:data1\" content=\"1 minute\" \/>\n<script type=\"application\/ld+json\" class=\"yoast-schema-graph\">{\"@context\":\"https:\\\/\\\/schema.org\",\"@graph\":[{\"@type\":\"WebPage\",\"@id\":\"https:\\\/\\\/armazonescalvo.com\\\/producto\\\/202-a302_28x23_200u\\\/\",\"url\":\"https:\\\/\\\/armazonescalvo.com\\\/producto\\\/202-a302_28x23_200u\\\/\",\"name\":\"SOPORTE M2 EN OFERTA - Armazones Calvo\",\"isPartOf\":{\"@id\":\"https:\\\/\\\/armazonescalvo.com\\\/#website\"},\"primaryImageOfPage\":{\"@id\":\"https:\\\/\\\/armazonescalvo.com\\\/producto\\\/202-a302_28x23_200u\\\/#primaryimage\"},\"image\":{\"@id\":\"https:\\\/\\\/armazonescalvo.com\\\/producto\\\/202-a302_28x23_200u\\\/#primaryimage\"},\"thumbnailUrl\":\"https:\\\/\\\/armazonescalvo.com\\\/wp-content\\\/uploads\\\/2023\\\/01\\\/202-A302_28x23_100u.png\",\"datePublished\":\"2023-01-20T13:06:06+00:00\",\"dateModified\":\"2025-07-03T09:31:03+00:00\",\"breadcrumb\":{\"@id\":\"https:\\\/\\\/armazonescalvo.com\\\/producto\\\/202-a302_28x23_200u\\\/#breadcrumb\"},\"inLanguage\":\"en-US\",\"potentialAction\":[{\"@type\":\"ReadAction\",\"target\":[\"https:\\\/\\\/armazonescalvo.com\\\/producto\\\/202-a302_28x23_200u\\\/\"]}]},{\"@type\":\"ImageObject\",\"inLanguage\":\"en-US\",\"@id\":\"https:\\\/\\\/armazonescalvo.com\\\/producto\\\/202-a302_28x23_200u\\\/#primaryimage\",\"url\":\"https:\\\/\\\/armazonescalvo.com\\\/wp-content\\\/uploads\\\/2023\\\/01\\\/202-A302_28x23_100u.png\",\"contentUrl\":\"https:\\\/\\\/armazonescalvo.com\\\/wp-content\\\/uploads\\\/2023\\\/01\\\/202-A302_28x23_100u.png\",\"width\":1000,\"height\":1000},{\"@type\":\"BreadcrumbList\",\"@id\":\"https:\\\/\\\/armazonescalvo.com\\\/producto\\\/202-a302_28x23_200u\\\/#breadcrumb\",\"itemListElement\":[{\"@type\":\"ListItem\",\"position\":1,\"name\":\"Portada\",\"item\":\"https:\\\/\\\/armazonescalvo.com\\\/\"},{\"@type\":\"ListItem\",\"position\":2,\"name\":\"Shop\",\"item\":\"https:\\\/\\\/armazonescalvo.com\\\/shop\\\/\"},{\"@type\":\"ListItem\",\"position\":3,\"name\":\"SOPORTE M2 EN OFERTA\"}]},{\"@type\":\"WebSite\",\"@id\":\"https:\\\/\\\/armazonescalvo.com\\\/#website\",\"url\":\"https:\\\/\\\/armazonescalvo.com\\\/\",\"name\":\"Armazones Calvo\",\"description\":\"Armazones Pantallas L\u00e1mparas\",\"publisher\":{\"@id\":\"https:\\\/\\\/armazonescalvo.com\\\/#organization\"},\"potentialAction\":[{\"@type\":\"SearchAction\",\"target\":{\"@type\":\"EntryPoint\",\"urlTemplate\":\"https:\\\/\\\/armazonescalvo.com\\\/?s={search_term_string}\"},\"query-input\":{\"@type\":\"PropertyValueSpecification\",\"valueRequired\":true,\"valueName\":\"search_term_string\"}}],\"inLanguage\":\"en-US\"},{\"@type\":\"Organization\",\"@id\":\"https:\\\/\\\/armazonescalvo.com\\\/#organization\",\"name\":\"Armazones Calvo\",\"url\":\"https:\\\/\\\/armazonescalvo.com\\\/\",\"logo\":{\"@type\":\"ImageObject\",\"inLanguage\":\"en-US\",\"@id\":\"https:\\\/\\\/armazonescalvo.com\\\/#\\\/schema\\\/logo\\\/image\\\/\",\"url\":\"https:\\\/\\\/armazonescalvo.com\\\/wp-content\\\/uploads\\\/2018\\\/07\\\/Group-24-1.png\",\"contentUrl\":\"https:\\\/\\\/armazonescalvo.com\\\/wp-content\\\/uploads\\\/2018\\\/07\\\/Group-24-1.png\",\"width\":123,\"height\":44,\"caption\":\"Armazones Calvo\"},\"image\":{\"@id\":\"https:\\\/\\\/armazonescalvo.com\\\/#\\\/schema\\\/logo\\\/image\\\/\"}}]}<\/script>\n<!-- \/ Yoast SEO plugin. -->","yoast_head_json":{"title":"SOPORTE M2 EN OFERTA - Armazones Calvo","robots":{"index":"index","follow":"follow","max-snippet":"max-snippet:-1","max-image-preview":"max-image-preview:large","max-video-preview":"max-video-preview:-1"},"canonical":"https:\/\/armazonescalvo.com\/en\/product\/202-a302_28x23_200u\/","og_locale":"en_US","og_type":"article","og_title":"SOPORTE M2 EN OFERTA - Armazones Calvo","og_description":"200 unidades en stock &nbsp; Aro: 28cm Altura: 23cm &nbsp; Para m\u00e1s detalles y la formalizaci\u00f3n del pedido,...","og_url":"https:\/\/armazonescalvo.com\/en\/product\/202-a302_28x23_200u\/","og_site_name":"Armazones Calvo","article_modified_time":"2025-07-03T09:31:03+00:00","og_image":[{"width":1000,"height":1000,"url":"https:\/\/armazonescalvo.com\/wp-content\/uploads\/2023\/01\/202-A302_28x23_100u.png","type":"image\/png"}],"twitter_card":"summary_large_image","twitter_misc":{"Est. reading time":"1 minute"},"schema":{"@context":"https:\/\/schema.org","@graph":[{"@type":"WebPage","@id":"https:\/\/armazonescalvo.com\/producto\/202-a302_28x23_200u\/","url":"https:\/\/armazonescalvo.com\/producto\/202-a302_28x23_200u\/","name":"SOPORTE M2 EN OFERTA - Armazones Calvo","isPartOf":{"@id":"https:\/\/armazonescalvo.com\/#website"},"primaryImageOfPage":{"@id":"https:\/\/armazonescalvo.com\/producto\/202-a302_28x23_200u\/#primaryimage"},"image":{"@id":"https:\/\/armazonescalvo.com\/producto\/202-a302_28x23_200u\/#primaryimage"},"thumbnailUrl":"https:\/\/armazonescalvo.com\/wp-content\/uploads\/2023\/01\/202-A302_28x23_100u.png","datePublished":"2023-01-20T13:06:06+00:00","dateModified":"2025-07-03T09:31:03+00:00","breadcrumb":{"@id":"https:\/\/armazonescalvo.com\/producto\/202-a302_28x23_200u\/#breadcrumb"},"inLanguage":"en-US","potentialAction":[{"@type":"ReadAction","target":["https:\/\/armazonescalvo.com\/producto\/202-a302_28x23_200u\/"]}]},{"@type":"ImageObject","inLanguage":"en-US","@id":"https:\/\/armazonescalvo.com\/producto\/202-a302_28x23_200u\/#primaryimage","url":"https:\/\/armazonescalvo.com\/wp-content\/uploads\/2023\/01\/202-A302_28x23_100u.png","contentUrl":"https:\/\/armazonescalvo.com\/wp-content\/uploads\/2023\/01\/202-A302_28x23_100u.png","width":1000,"height":1000},{"@type":"BreadcrumbList","@id":"https:\/\/armazonescalvo.com\/producto\/202-a302_28x23_200u\/#breadcrumb","itemListElement":[{"@type":"ListItem","position":1,"name":"Portada","item":"https:\/\/armazonescalvo.com\/"},{"@type":"ListItem","position":2,"name":"Shop","item":"https:\/\/armazonescalvo.com\/shop\/"},{"@type":"ListItem","position":3,"name":"SOPORTE M2 EN OFERTA"}]},{"@type":"WebSite","@id":"https:\/\/armazonescalvo.com\/#website","url":"https:\/\/armazonescalvo.com\/","name":"Armazones Calvo","description":"Armazones Pantallas L\u00e1mparas","publisher":{"@id":"https:\/\/armazonescalvo.com\/#organization"},"potentialAction":[{"@type":"SearchAction","target":{"@type":"EntryPoint","urlTemplate":"https:\/\/armazonescalvo.com\/?s={search_term_string}"},"query-input":{"@type":"PropertyValueSpecification","valueRequired":true,"valueName":"search_term_string"}}],"inLanguage":"en-US"},{"@type":"Organization","@id":"https:\/\/armazonescalvo.com\/#organization","name":"Armazones Calvo","url":"https:\/\/armazonescalvo.com\/","logo":{"@type":"ImageObject","inLanguage":"en-US","@id":"https:\/\/armazonescalvo.com\/#\/schema\/logo\/image\/","url":"https:\/\/armazonescalvo.com\/wp-content\/uploads\/2018\/07\/Group-24-1.png","contentUrl":"https:\/\/armazonescalvo.com\/wp-content\/uploads\/2018\/07\/Group-24-1.png","width":123,"height":44,"caption":"Armazones Calvo"},"image":{"@id":"https:\/\/armazonescalvo.com\/#\/schema\/logo\/image\/"}}]}},"_links":{"self":[{"href":"https:\/\/armazonescalvo.com\/en\/wp-json\/wp\/v2\/product\/2859","targetHints":{"allow":["GET"]}}],"collection":[{"href":"https:\/\/armazonescalvo.com\/en\/wp-json\/wp\/v2\/product"}],"about":[{"href":"https:\/\/armazonescalvo.com\/en\/wp-json\/wp\/v2\/types\/product"}],"replies":[{"embeddable":true,"href":"https:\/\/armazonescalvo.com\/en\/wp-json\/wp\/v2\/comments?post=2859"}],"wp:featuredmedia":[{"embeddable":true,"href":"https:\/\/armazonescalvo.com\/en\/wp-json\/wp\/v2\/media\/4918"}],"wp:attachment":[{"href":"https:\/\/armazonescalvo.com\/en\/wp-json\/wp\/v2\/media?parent=2859"}],"wp:term":[{"taxonomy":"product_brand","embeddable":true,"href":"https:\/\/armazonescalvo.com\/en\/wp-json\/wp\/v2\/product_brand?post=2859"},{"taxonomy":"product_cat","embeddable":true,"href":"https:\/\/armazonescalvo.com\/en\/wp-json\/wp\/v2\/product_cat?post=2859"},{"taxonomy":"product_tag","embeddable":true,"href":"https:\/\/armazonescalvo.com\/en\/wp-json\/wp\/v2\/product_tag?post=2859"}],"curies":[{"name":"wp","href":"https:\/\/api.w.org\/{rel}","templated":true}]}}