{"id":5276,"date":"2024-02-14T08:41:12","date_gmt":"2024-02-14T08:41:12","guid":{"rendered":"https:\/\/calvoarmazones.com\/?post_type=product&#038;p=5276"},"modified":"2026-03-02T15:09:10","modified_gmt":"2026-03-02T14:09:10","slug":"aro-base-circular","status":"publish","type":"product","link":"https:\/\/armazonescalvo.com\/fr\/produit\/aro-base-circular\/","title":{"rendered":"ARO, BASE CIRCULAR"},"content":{"rendered":"<p><img fetchpriority=\"high\" decoding=\"async\" class=\"alignnone wp-image-2310 size-full\" src=\"https:\/\/armazonescalvo.com\/wp-content\/uploads\/2024\/02\/202-S.png\" alt=\"\" width=\"1667\" height=\"833\" \/><\/p>\n<p><span style=\"font-size: 20px;\"><strong>Dimensions indicatives<\/strong><\/span><\/p>\n<table style=\"height: 406px; width: 1239px; border-collapse: collapse; border-style: solid; border-color: #262525;\" border=\"1\">\n<tbody>\n<tr style=\"height: 23px;\">\n<td style=\"width: 12.5%; height: 23px; text-align: center;\"><strong>D (cm)<\/strong><\/td>\n<td style=\"width: 12.5%; height: 23px; text-align: center;\"><strong>d (cm)<\/strong><\/td>\n<td style=\"width: 12.5%; height: 23px; text-align: center;\"><strong>H (cm)<\/strong><\/td>\n<td style=\"width: 12.5%; height: 23px; text-align: center;\"><strong>Rayons<\/strong><\/td>\n<td style=\"width: 12.5%; height: 23px; text-align: center;\"><strong>Vague<\/strong><\/td>\n<td style=\"width: 12.5%; height: 23px; text-align: center;\"><strong>P (cm)<\/strong><\/td>\n<td style=\"width: 12.5%; height: 23px; text-align: center;\"><strong>P1 (cm)<\/strong><\/td>\n<td style=\"width: 12.5%; height: 23px; text-align: center;\"><strong>Fil<\/strong><\/td>\n<\/tr>\n<tr style=\"height: 23px;\">\n<td style=\"width: 12.5%; height: 23px; text-align: center;\">15<\/td>\n<td style=\"width: 12.5%; height: 23px; text-align: center;\"><\/td>\n<td style=\"width: 12.5%; height: 23px; text-align: center;\"><\/td>\n<td style=\"width: 12.5%; height: 23px; text-align: center;\"><\/td>\n<td style=\"width: 12.5%; height: 23px; text-align: center;\"><\/td>\n<td style=\"width: 12.5%; height: 23px; text-align: center;\"><\/td>\n<td style=\"width: 12.5%; height: 23px; text-align: center;\"><\/td>\n<td style=\"width: 12.5%; height: 23px; text-align: center;\">3<\/td>\n<\/tr>\n<tr style=\"height: 23px;\">\n<td style=\"width: 12.5%; height: 23px; text-align: center;\">20<\/td>\n<td style=\"width: 12.5%; height: 23px; text-align: center;\"><\/td>\n<td style=\"width: 12.5%; height: 23px; text-align: center;\"><\/td>\n<td style=\"width: 12.5%; height: 23px; text-align: center;\"><\/td>\n<td style=\"width: 12.5%; height: 23px; text-align: center;\"><\/td>\n<td style=\"width: 12.5%; height: 23px; text-align: center;\"><\/td>\n<td style=\"width: 12.5%; height: 23px; text-align: center;\"><\/td>\n<td style=\"width: 12.5%; height: 23px; text-align: center;\">3<\/td>\n<\/tr>\n<tr style=\"height: 22px;\">\n<td style=\"width: 12.5%; text-align: center; height: 22px;\">25<\/td>\n<td style=\"width: 12.5%; text-align: center; height: 22px;\"><\/td>\n<td style=\"width: 12.5%; text-align: center; height: 22px;\"><\/td>\n<td style=\"width: 12.5%; text-align: center; height: 22px;\"><\/td>\n<td style=\"width: 12.5%; text-align: center; height: 22px;\"><\/td>\n<td style=\"width: 12.5%; text-align: center; height: 22px;\"><\/td>\n<td style=\"width: 12.5%; text-align: center; height: 22px;\"><\/td>\n<td style=\"width: 12.5%; text-align: center; height: 22px;\">3<\/td>\n<\/tr>\n<tr style=\"height: 22px;\">\n<td style=\"width: 12.5%; text-align: center; height: 22px;\">30<\/td>\n<td style=\"width: 12.5%; text-align: center; height: 22px;\"><\/td>\n<td style=\"width: 12.5%; text-align: center; height: 22px;\"><\/td>\n<td style=\"width: 12.5%; text-align: center; height: 22px;\"><\/td>\n<td style=\"width: 12.5%; text-align: center; height: 22px;\"><\/td>\n<td style=\"width: 12.5%; text-align: center; height: 22px;\"><\/td>\n<td style=\"width: 12.5%; text-align: center; height: 22px;\"><\/td>\n<td style=\"width: 12.5%; text-align: center; height: 22px;\">3<\/td>\n<\/tr>\n<tr style=\"height: 22px;\">\n<td style=\"width: 12.5%; text-align: center; height: 22px;\">40<\/td>\n<td style=\"width: 12.5%; text-align: center; height: 22px;\"><\/td>\n<td style=\"width: 12.5%; text-align: center; height: 22px;\"><\/td>\n<td style=\"width: 12.5%; text-align: center; height: 22px;\"><\/td>\n<td style=\"width: 12.5%; text-align: center; height: 22px;\"><\/td>\n<td style=\"width: 12.5%; text-align: center; height: 22px;\"><\/td>\n<td style=\"width: 12.5%; text-align: center; height: 22px;\"><\/td>\n<td style=\"width: 12.5%; text-align: center; height: 22px;\">3,4<\/td>\n<\/tr>\n<tr style=\"height: 22px;\">\n<td style=\"width: 12.5%; text-align: center; height: 22px;\">50<\/td>\n<td style=\"width: 12.5%; text-align: center; height: 22px;\"><\/td>\n<td style=\"width: 12.5%; text-align: center; height: 22px;\"><\/td>\n<td style=\"width: 12.5%; text-align: center; height: 22px;\"><\/td>\n<td style=\"width: 12.5%; text-align: center; height: 22px;\"><\/td>\n<td style=\"width: 12.5%; text-align: center; height: 22px;\"><\/td>\n<td style=\"width: 12.5%; text-align: center; height: 22px;\"><\/td>\n<td style=\"width: 12.5%; text-align: center; height: 22px;\">3,9<\/td>\n<\/tr>\n<tr style=\"height: 22px;\">\n<td style=\"width: 12.5%; text-align: center; height: 22px;\">60<\/td>\n<td style=\"width: 12.5%; text-align: center; height: 22px;\"><\/td>\n<td style=\"width: 12.5%; text-align: center; height: 22px;\"><\/td>\n<td style=\"width: 12.5%; text-align: center; height: 22px;\"><\/td>\n<td style=\"width: 12.5%; text-align: center; height: 22px;\"><\/td>\n<td style=\"width: 12.5%; text-align: center; height: 22px;\"><\/td>\n<td style=\"width: 12.5%; text-align: center; height: 22px;\"><\/td>\n<td style=\"width: 12.5%; text-align: center; height: 22px;\">3,9<\/td>\n<\/tr>\n<tr style=\"height: 22px;\">\n<td style=\"width: 12.5%; text-align: center; height: 22px;\">70<\/td>\n<td style=\"width: 12.5%; text-align: center; height: 22px;\"><\/td>\n<td style=\"width: 12.5%; text-align: center; height: 22px;\"><\/td>\n<td style=\"width: 12.5%; text-align: center; height: 22px;\"><\/td>\n<td style=\"width: 12.5%; text-align: center; height: 22px;\"><\/td>\n<td style=\"width: 12.5%; text-align: center; height: 22px;\"><\/td>\n<td style=\"width: 12.5%; text-align: center; height: 22px;\"><\/td>\n<td style=\"width: 12.5%; text-align: center; height: 22px;\">3,9<\/td>\n<\/tr>\n<tr style=\"height: 22px;\">\n<td style=\"width: 12.5%; text-align: center; height: 22px;\">80<\/td>\n<td style=\"width: 12.5%; text-align: center; height: 22px;\"><\/td>\n<td style=\"width: 12.5%; text-align: center; height: 22px;\"><\/td>\n<td style=\"width: 12.5%; text-align: center; height: 22px;\"><\/td>\n<td style=\"width: 12.5%; text-align: center; height: 22px;\"><\/td>\n<td style=\"width: 12.5%; text-align: center; height: 22px;\"><\/td>\n<td style=\"width: 12.5%; text-align: center; height: 22px;\"><\/td>\n<td style=\"width: 12.5%; text-align: center; height: 22px;\">3,9<\/td>\n<\/tr>\n<tr style=\"height: 22px;\">\n<td style=\"width: 12.5%; text-align: center; height: 22px;\">90<\/td>\n<td style=\"width: 12.5%; text-align: center; height: 22px;\"><\/td>\n<td style=\"width: 12.5%; text-align: center; height: 22px;\"><\/td>\n<td style=\"width: 12.5%; text-align: center; height: 22px;\"><\/td>\n<td style=\"width: 12.5%; text-align: center; height: 22px;\"><\/td>\n<td style=\"width: 12.5%; text-align: center; height: 22px;\"><\/td>\n<td style=\"width: 12.5%; text-align: center; height: 22px;\"><\/td>\n<td style=\"width: 12.5%; text-align: center; height: 22px;\">3,9<\/td>\n<\/tr>\n<tr style=\"height: 22px;\">\n<td style=\"width: 12.5%; text-align: center; height: 22px;\">100<\/td>\n<td style=\"width: 12.5%; text-align: center; height: 22px;\"><\/td>\n<td style=\"width: 12.5%; text-align: center; height: 22px;\"><\/td>\n<td style=\"width: 12.5%; text-align: center; height: 22px;\"><\/td>\n<td style=\"width: 12.5%; text-align: center; height: 22px;\"><\/td>\n<td style=\"width: 12.5%; text-align: center; height: 22px;\"><\/td>\n<td style=\"width: 12.5%; text-align: center; height: 22px;\"><\/td>\n<td style=\"width: 12.5%; text-align: center; height: 22px;\">3,9<\/td>\n<\/tr>\n<tr style=\"height: 22px;\">\n<td style=\"width: 12.5%; text-align: center; height: 22px;\">110<\/td>\n<td style=\"width: 12.5%; text-align: center; height: 22px;\"><\/td>\n<td style=\"width: 12.5%; text-align: center; height: 22px;\"><\/td>\n<td style=\"width: 12.5%; text-align: center; height: 22px;\"><\/td>\n<td style=\"width: 12.5%; text-align: center; height: 22px;\"><\/td>\n<td style=\"width: 12.5%; text-align: center; height: 22px;\"><\/td>\n<td style=\"width: 12.5%; text-align: center; height: 22px;\"><\/td>\n<td style=\"width: 12.5%; text-align: center; height: 22px;\">3,9<\/td>\n<\/tr>\n<tr style=\"height: 22px;\">\n<td style=\"width: 12.5%; text-align: center; height: 22px;\">120<\/td>\n<td style=\"width: 12.5%; text-align: center; height: 22px;\"><\/td>\n<td style=\"width: 12.5%; text-align: center; height: 22px;\"><\/td>\n<td style=\"width: 12.5%; text-align: center; height: 22px;\"><\/td>\n<td style=\"width: 12.5%; text-align: center; height: 22px;\"><\/td>\n<td style=\"width: 12.5%; text-align: center; height: 22px;\"><\/td>\n<td style=\"width: 12.5%; text-align: center; height: 22px;\"><\/td>\n<td style=\"width: 12.5%; text-align: center; height: 22px;\">3,9<\/td>\n<\/tr>\n<tr style=\"height: 22px;\">\n<td style=\"width: 12.5%; text-align: center; height: 22px;\">130<\/td>\n<td style=\"width: 12.5%; text-align: center; height: 22px;\"><\/td>\n<td style=\"width: 12.5%; text-align: center; height: 22px;\"><\/td>\n<td style=\"width: 12.5%; text-align: center; height: 22px;\"><\/td>\n<td style=\"width: 12.5%; text-align: center; height: 22px;\"><\/td>\n<td style=\"width: 12.5%; text-align: center; height: 22px;\"><\/td>\n<td style=\"width: 12.5%; text-align: center; height: 22px;\"><\/td>\n<td style=\"width: 12.5%; text-align: center; height: 22px;\">3,9<\/td>\n<\/tr>\n<\/tbody>\n<\/table>\n<p>&nbsp;<\/p>\n<p><span style=\"font-size: 16px;\">Disponemos de aros en stock de di\u00e1metros de n\u00famero enteros hasta 25cm y de 5 en 5cm para mayores de 25cm, la fabricaci\u00f3n de aros especiales requiere un m\u00ednimo de pedido.<\/span><\/p>\n<p>&nbsp;<\/p>","protected":false},"excerpt":{"rendered":"<p>Dimensiones orientativas D (cm) d (cm) H (cm) Radios Arandela P (cm) P1 (cm) Alambre 15 3 20&#8230;<\/p>","protected":false},"featured_media":5278,"comment_status":"closed","ping_status":"closed","template":"","meta":[],"product_brand":[],"product_cat":[51],"product_tag":[],"class_list":{"0":"post-5276","1":"product","2":"type-product","3":"status-publish","4":"has-post-thumbnail","6":"product_cat-juegos","8":"first","9":"instock","10":"shipping-taxable","11":"product-type-simple"},"yoast_head":"<!-- This site is optimized with the Yoast SEO plugin v27.3 - https:\/\/yoast.com\/product\/yoast-seo-wordpress\/ -->\n<title>ARO, BASE CIRCULAR - Armazones Calvo<\/title>\n<meta name=\"robots\" content=\"index, follow, max-snippet:-1, max-image-preview:large, max-video-preview:-1\" \/>\n<link rel=\"canonical\" href=\"https:\/\/armazonescalvo.com\/fr\/produit\/aro-base-circular\/\" \/>\n<meta property=\"og:locale\" content=\"fr_FR\" \/>\n<meta property=\"og:type\" content=\"article\" \/>\n<meta property=\"og:title\" content=\"ARO, BASE CIRCULAR - Armazones Calvo\" \/>\n<meta property=\"og:description\" content=\"Dimensiones orientativas D (cm) d (cm) H (cm) Radios Arandela P (cm) P1 (cm) Alambre 15 3 20...\" \/>\n<meta property=\"og:url\" content=\"https:\/\/armazonescalvo.com\/fr\/produit\/aro-base-circular\/\" \/>\n<meta property=\"og:site_name\" content=\"Armazones Calvo\" \/>\n<meta property=\"article:modified_time\" content=\"2026-03-02T14:09:10+00:00\" \/>\n<meta property=\"og:image\" content=\"https:\/\/armazonescalvo.com\/wp-content\/uploads\/2024\/02\/202-S-\u2022-aro.png\" \/>\n\t<meta property=\"og:image:width\" content=\"800\" \/>\n\t<meta property=\"og:image:height\" content=\"800\" \/>\n\t<meta property=\"og:image:type\" content=\"image\/png\" \/>\n<meta name=\"twitter:card\" content=\"summary_large_image\" \/>\n<meta name=\"twitter:label1\" content=\"Dur\u00e9e de lecture estim\u00e9e\" \/>\n\t<meta name=\"twitter:data1\" content=\"1 minute\" \/>\n<script type=\"application\/ld+json\" class=\"yoast-schema-graph\">{\"@context\":\"https:\\\/\\\/schema.org\",\"@graph\":[{\"@type\":\"WebPage\",\"@id\":\"https:\\\/\\\/armazonescalvo.com\\\/producto\\\/aro-base-circular\\\/\",\"url\":\"https:\\\/\\\/armazonescalvo.com\\\/producto\\\/aro-base-circular\\\/\",\"name\":\"ARO, BASE CIRCULAR - Armazones Calvo\",\"isPartOf\":{\"@id\":\"https:\\\/\\\/armazonescalvo.com\\\/#website\"},\"primaryImageOfPage\":{\"@id\":\"https:\\\/\\\/armazonescalvo.com\\\/producto\\\/aro-base-circular\\\/#primaryimage\"},\"image\":{\"@id\":\"https:\\\/\\\/armazonescalvo.com\\\/producto\\\/aro-base-circular\\\/#primaryimage\"},\"thumbnailUrl\":\"https:\\\/\\\/armazonescalvo.com\\\/wp-content\\\/uploads\\\/2024\\\/02\\\/202-S-\u2022-aro.png\",\"datePublished\":\"2024-02-14T08:41:12+00:00\",\"dateModified\":\"2026-03-02T14:09:10+00:00\",\"breadcrumb\":{\"@id\":\"https:\\\/\\\/armazonescalvo.com\\\/producto\\\/aro-base-circular\\\/#breadcrumb\"},\"inLanguage\":\"fr-FR\",\"potentialAction\":[{\"@type\":\"ReadAction\",\"target\":[\"https:\\\/\\\/armazonescalvo.com\\\/producto\\\/aro-base-circular\\\/\"]}]},{\"@type\":\"ImageObject\",\"inLanguage\":\"fr-FR\",\"@id\":\"https:\\\/\\\/armazonescalvo.com\\\/producto\\\/aro-base-circular\\\/#primaryimage\",\"url\":\"https:\\\/\\\/armazonescalvo.com\\\/wp-content\\\/uploads\\\/2024\\\/02\\\/202-S-\u2022-aro.png\",\"contentUrl\":\"https:\\\/\\\/armazonescalvo.com\\\/wp-content\\\/uploads\\\/2024\\\/02\\\/202-S-\u2022-aro.png\",\"width\":800,\"height\":800},{\"@type\":\"BreadcrumbList\",\"@id\":\"https:\\\/\\\/armazonescalvo.com\\\/producto\\\/aro-base-circular\\\/#breadcrumb\",\"itemListElement\":[{\"@type\":\"ListItem\",\"position\":1,\"name\":\"Portada\",\"item\":\"https:\\\/\\\/armazonescalvo.com\\\/\"},{\"@type\":\"ListItem\",\"position\":2,\"name\":\"Shop\",\"item\":\"https:\\\/\\\/armazonescalvo.com\\\/shop\\\/\"},{\"@type\":\"ListItem\",\"position\":3,\"name\":\"ARO, BASE CIRCULAR\"}]},{\"@type\":\"WebSite\",\"@id\":\"https:\\\/\\\/armazonescalvo.com\\\/#website\",\"url\":\"https:\\\/\\\/armazonescalvo.com\\\/\",\"name\":\"Armazones Calvo\",\"description\":\"Armazones Pantallas L\u00e1mparas\",\"publisher\":{\"@id\":\"https:\\\/\\\/armazonescalvo.com\\\/#organization\"},\"potentialAction\":[{\"@type\":\"SearchAction\",\"target\":{\"@type\":\"EntryPoint\",\"urlTemplate\":\"https:\\\/\\\/armazonescalvo.com\\\/?s={search_term_string}\"},\"query-input\":{\"@type\":\"PropertyValueSpecification\",\"valueRequired\":true,\"valueName\":\"search_term_string\"}}],\"inLanguage\":\"fr-FR\"},{\"@type\":\"Organization\",\"@id\":\"https:\\\/\\\/armazonescalvo.com\\\/#organization\",\"name\":\"Armazones Calvo\",\"url\":\"https:\\\/\\\/armazonescalvo.com\\\/\",\"logo\":{\"@type\":\"ImageObject\",\"inLanguage\":\"fr-FR\",\"@id\":\"https:\\\/\\\/armazonescalvo.com\\\/#\\\/schema\\\/logo\\\/image\\\/\",\"url\":\"https:\\\/\\\/armazonescalvo.com\\\/wp-content\\\/uploads\\\/2018\\\/07\\\/Group-24-1.png\",\"contentUrl\":\"https:\\\/\\\/armazonescalvo.com\\\/wp-content\\\/uploads\\\/2018\\\/07\\\/Group-24-1.png\",\"width\":123,\"height\":44,\"caption\":\"Armazones Calvo\"},\"image\":{\"@id\":\"https:\\\/\\\/armazonescalvo.com\\\/#\\\/schema\\\/logo\\\/image\\\/\"}}]}<\/script>\n<!-- \/ Yoast SEO plugin. -->","yoast_head_json":{"title":"ARO, BASE CIRCULAR - Armazones Calvo","robots":{"index":"index","follow":"follow","max-snippet":"max-snippet:-1","max-image-preview":"max-image-preview:large","max-video-preview":"max-video-preview:-1"},"canonical":"https:\/\/armazonescalvo.com\/fr\/produit\/aro-base-circular\/","og_locale":"fr_FR","og_type":"article","og_title":"ARO, BASE CIRCULAR - Armazones Calvo","og_description":"Dimensiones orientativas D (cm) d (cm) H (cm) Radios Arandela P (cm) P1 (cm) Alambre 15 3 20...","og_url":"https:\/\/armazonescalvo.com\/fr\/produit\/aro-base-circular\/","og_site_name":"Armazones Calvo","article_modified_time":"2026-03-02T14:09:10+00:00","og_image":[{"width":800,"height":800,"url":"https:\/\/armazonescalvo.com\/wp-content\/uploads\/2024\/02\/202-S-\u2022-aro.png","type":"image\/png"}],"twitter_card":"summary_large_image","twitter_misc":{"Dur\u00e9e de lecture estim\u00e9e":"1 minute"},"schema":{"@context":"https:\/\/schema.org","@graph":[{"@type":"WebPage","@id":"https:\/\/armazonescalvo.com\/producto\/aro-base-circular\/","url":"https:\/\/armazonescalvo.com\/producto\/aro-base-circular\/","name":"ARO, BASE CIRCULAR - Armazones Calvo","isPartOf":{"@id":"https:\/\/armazonescalvo.com\/#website"},"primaryImageOfPage":{"@id":"https:\/\/armazonescalvo.com\/producto\/aro-base-circular\/#primaryimage"},"image":{"@id":"https:\/\/armazonescalvo.com\/producto\/aro-base-circular\/#primaryimage"},"thumbnailUrl":"https:\/\/armazonescalvo.com\/wp-content\/uploads\/2024\/02\/202-S-\u2022-aro.png","datePublished":"2024-02-14T08:41:12+00:00","dateModified":"2026-03-02T14:09:10+00:00","breadcrumb":{"@id":"https:\/\/armazonescalvo.com\/producto\/aro-base-circular\/#breadcrumb"},"inLanguage":"fr-FR","potentialAction":[{"@type":"ReadAction","target":["https:\/\/armazonescalvo.com\/producto\/aro-base-circular\/"]}]},{"@type":"ImageObject","inLanguage":"fr-FR","@id":"https:\/\/armazonescalvo.com\/producto\/aro-base-circular\/#primaryimage","url":"https:\/\/armazonescalvo.com\/wp-content\/uploads\/2024\/02\/202-S-\u2022-aro.png","contentUrl":"https:\/\/armazonescalvo.com\/wp-content\/uploads\/2024\/02\/202-S-\u2022-aro.png","width":800,"height":800},{"@type":"BreadcrumbList","@id":"https:\/\/armazonescalvo.com\/producto\/aro-base-circular\/#breadcrumb","itemListElement":[{"@type":"ListItem","position":1,"name":"Portada","item":"https:\/\/armazonescalvo.com\/"},{"@type":"ListItem","position":2,"name":"Shop","item":"https:\/\/armazonescalvo.com\/shop\/"},{"@type":"ListItem","position":3,"name":"ARO, BASE CIRCULAR"}]},{"@type":"WebSite","@id":"https:\/\/armazonescalvo.com\/#website","url":"https:\/\/armazonescalvo.com\/","name":"Armazones Calvo","description":"Armazones Pantallas L\u00e1mparas","publisher":{"@id":"https:\/\/armazonescalvo.com\/#organization"},"potentialAction":[{"@type":"SearchAction","target":{"@type":"EntryPoint","urlTemplate":"https:\/\/armazonescalvo.com\/?s={search_term_string}"},"query-input":{"@type":"PropertyValueSpecification","valueRequired":true,"valueName":"search_term_string"}}],"inLanguage":"fr-FR"},{"@type":"Organization","@id":"https:\/\/armazonescalvo.com\/#organization","name":"Armazones Calvo","url":"https:\/\/armazonescalvo.com\/","logo":{"@type":"ImageObject","inLanguage":"fr-FR","@id":"https:\/\/armazonescalvo.com\/#\/schema\/logo\/image\/","url":"https:\/\/armazonescalvo.com\/wp-content\/uploads\/2018\/07\/Group-24-1.png","contentUrl":"https:\/\/armazonescalvo.com\/wp-content\/uploads\/2018\/07\/Group-24-1.png","width":123,"height":44,"caption":"Armazones Calvo"},"image":{"@id":"https:\/\/armazonescalvo.com\/#\/schema\/logo\/image\/"}}]}},"_links":{"self":[{"href":"https:\/\/armazonescalvo.com\/fr\/wp-json\/wp\/v2\/product\/5276","targetHints":{"allow":["GET"]}}],"collection":[{"href":"https:\/\/armazonescalvo.com\/fr\/wp-json\/wp\/v2\/product"}],"about":[{"href":"https:\/\/armazonescalvo.com\/fr\/wp-json\/wp\/v2\/types\/product"}],"replies":[{"embeddable":true,"href":"https:\/\/armazonescalvo.com\/fr\/wp-json\/wp\/v2\/comments?post=5276"}],"wp:featuredmedia":[{"embeddable":true,"href":"https:\/\/armazonescalvo.com\/fr\/wp-json\/wp\/v2\/media\/5278"}],"wp:attachment":[{"href":"https:\/\/armazonescalvo.com\/fr\/wp-json\/wp\/v2\/media?parent=5276"}],"wp:term":[{"taxonomy":"product_brand","embeddable":true,"href":"https:\/\/armazonescalvo.com\/fr\/wp-json\/wp\/v2\/product_brand?post=5276"},{"taxonomy":"product_cat","embeddable":true,"href":"https:\/\/armazonescalvo.com\/fr\/wp-json\/wp\/v2\/product_cat?post=5276"},{"taxonomy":"product_tag","embeddable":true,"href":"https:\/\/armazonescalvo.com\/fr\/wp-json\/wp\/v2\/product_tag?post=5276"}],"curies":[{"name":"wp","href":"https:\/\/api.w.org\/{rel}","templated":true}]}}